{"id":173,"date":"2024-10-08T16:16:02","date_gmt":"2024-10-08T20:16:02","guid":{"rendered":"https:\/\/3pl-montreal.com\/our-services\/"},"modified":"2024-10-24T09:59:41","modified_gmt":"2024-10-24T13:59:41","slug":"nos-services","status":"publish","type":"page","link":"https:\/\/www.3pl-montreal.com\/fr\/nos-services\/","title":{"rendered":"Services"},"content":{"rendered":"\t\t<div data-elementor-type=\"wp-page\" data-elementor-id=\"173\" class=\"elementor elementor-173 elementor-38\" data-elementor-post-type=\"page\">\n\t\t\t\t\t\t<section class=\"wd-negative-gap elementor-section elementor-top-section elementor-element elementor-element-484ea0a3 elementor-section-boxed elementor-section-height-default elementor-section-height-default\" data-id=\"484ea0a3\" data-element_type=\"section\">\n\t\t\t\t\t\t<div class=\"elementor-container elementor-column-gap-default\">\n\t\t\t\t\t<div class=\"elementor-column elementor-col-100 elementor-top-column elementor-element elementor-element-3a7e8e69\" data-id=\"3a7e8e69\" data-element_type=\"column\">\n\t\t\t<div class=\"elementor-widget-wrap\">\n\t\t\t\t\t\t\t<\/div>\n\t\t<\/div>\n\t\t\t\t\t<\/div>\n\t\t<\/section>\n\t\t\t\t<section class=\"wd-negative-gap elementor-section elementor-top-section elementor-element elementor-element-27c524e0 elementor-section-boxed elementor-section-height-default elementor-section-height-default\" data-id=\"27c524e0\" data-element_type=\"section\">\n\t\t\t\t\t\t<div class=\"elementor-container elementor-column-gap-default\">\n\t\t\t\t\t<div class=\"elementor-column elementor-col-100 elementor-top-column elementor-element elementor-element-6d783f3f\" data-id=\"6d783f3f\" data-element_type=\"column\">\n\t\t\t<div class=\"elementor-widget-wrap elementor-element-populated\">\n\t\t\t\t\t\t<div class=\"elementor-element elementor-element-6cd87715 elementor-widget elementor-widget-slider_revolution\" data-id=\"6cd87715\" data-element_type=\"widget\" data-widget_type=\"slider_revolution.default\">\n\t\t\t\t<div class=\"elementor-widget-container\">\n\t\t\t\t\t\n\t\t<div class=\"wp-block-themepunch-revslider\">\n\t\t\t\t<p class=\"rs-p-wp-fix\"><\/p>\n\t\t\t\t<sr7-module data-alias=\"Service-FR\" data-id=\"5\" id=\"SR7_5_1\" class=\"rs-ov-hidden\" data-version=\"6.7.40\">\n\t\t\t\t\t<sr7-adjuster><\/sr7-adjuster>\n\t\t\t\t\t<sr7-content>\n\t\t\t\t\t\t<sr7-slide id=\"SR7_5_1-5\" data-key=\"5\">\n\t\t\t\t\t\t\t<a id=\"SR7_5_1-5-1\" class=\"sr7-layer\" href=\"https:\/\/www.a13pl.com\/fr\/nous-joindre\/\" target=\"_self\">Contactez-Nous<\/a>\n\t\t\t\t\t\t\t<sr7-txt id=\"SR7_5_1-5-2\" class=\"sr7-layer\">SERVICES 3PL COMPR\u00c9HENSIFS<\/sr7-txt>\n\t\t\t\t\t\t\t<sr7-txt id=\"SR7_5_1-5-5\" class=\"sr7-layer\">Du stockage \u00e0 la distribution, nous g\u00e9rons tous les aspects de votre logistique, garantissant des livraisons ponctuelles et un contr\u00f4le pr\u00e9cis des stocks.<\/sr7-txt>\n\t\t\t\t\t\t<\/sr7-slide>\n\t\t\t\t\t\t<sr7-slide id=\"SR7_5_1-6\" data-key=\"6\">\n\t\t\t\t\t\t<\/sr7-slide>\n\t\t\t\t\t<\/sr7-content>\n\t\t\t\t<\/sr7-module>\n\t\t\t\t<script>\n\t\t\t\t\tSR7.PMH ??={}; SR7.PMH[\"SR7_5_1\"] = {cn:100,state:false,fn: function() { if (_tpt!==undefined && _tpt.prepareModuleHeight !== undefined) {  _tpt.prepareModuleHeight({id:\"SR7_5_1\",el:[650,650,768,960,720],type:'standard',shdw:'0',gh:[650,650,537,408,252],gw:[1240,1240,1024,778,480],vpt:['100px'],size:{fullWidth:true, fullHeight:false},mh:'0',onh:0,onw:0,bg:{color:'{\"orig\":\"transparent\",\"type\":\"solid\",\"string\":\"transparent\"}'}});   SR7.PMH[\"SR7_5_1\"].state=true;} else if(SR7.PMH[\"SR7_5_1\"].cn-->0)\tsetTimeout( SR7.PMH[\"SR7_5_1\"].fn,19);}};SR7.PMH[\"SR7_5_1\" ].fn();\n\t\t\t\t<\/script>\n<\/div>\n\n\t\t\t\t\t\t<\/div>\n\t\t\t\t<\/div>\n\t\t\t\t\t<\/div>\n\t\t<\/div>\n\t\t\t\t\t<\/div>\n\t\t<\/section>\n\t\t\t\t<section class=\"elementor-section elementor-top-section elementor-element elementor-element-60a7993f wd-section-stretch elementor-section-boxed elementor-section-height-default elementor-section-height-default\" data-id=\"60a7993f\" data-element_type=\"section\">\n\t\t\t\t\t\t<div class=\"elementor-container elementor-column-gap-default\">\n\t\t\t\t\t<div class=\"elementor-column elementor-col-50 elementor-top-column elementor-element elementor-element-5c67519a\" data-id=\"5c67519a\" data-element_type=\"column\">\n\t\t\t<div class=\"elementor-widget-wrap elementor-element-populated\">\n\t\t\t\t\t\t<div class=\"elementor-element elementor-element-6c9ab770 elementor-widget elementor-widget-heading\" data-id=\"6c9ab770\" data-element_type=\"widget\" data-widget_type=\"heading.default\">\n\t\t\t\t<div class=\"elementor-widget-container\">\n\t\t\t\t\t<h2 class=\"elementor-heading-title elementor-size-default\">NOS SERVICES<\/h2>\t\t\t\t<\/div>\n\t\t\t\t<\/div>\n\t\t\t\t<div class=\"elementor-element elementor-element-586c0bd2 elementor-widget elementor-widget-heading\" data-id=\"586c0bd2\" data-element_type=\"widget\" data-widget_type=\"heading.default\">\n\t\t\t\t<div class=\"elementor-widget-container\">\n\t\t\t\t\t<h4 class=\"elementor-heading-title elementor-size-default\">Associez-vous \u00e0 A1-3PL pour la Croissance et le Succ\u00e8s de votre entreprise<\/h4>\t\t\t\t<\/div>\n\t\t\t\t<\/div>\n\t\t\t\t<div class=\"elementor-element elementor-element-1578de94 color-scheme-inherit text-left elementor-widget elementor-widget-text-editor\" data-id=\"1578de94\" data-element_type=\"widget\" data-widget_type=\"text-editor.default\">\n\t\t\t\t<div class=\"elementor-widget-container\">\n\t\t\t\t\t\t\t\t\t<p>Chez A1-3PL, nous nous engageons \u00e0 accompagner les entreprises vers le succ\u00e8s gr\u00e2ce \u00e0 des solutions logistiques novatrices qui favorisent leur croissance. Nous mettons \u00e0 votre disposition une expertise approfondie et des ressources compl\u00e8tes pour optimiser l\u2019ensemble de votre cha\u00eene d&rsquo;approvisionnement, de la gestion des stocks \u00e0 l&rsquo;ex\u00e9cution des commandes en passant par les services de centres de distribution. Rejoignez-nous d\u00e8s aujourd&rsquo;hui pour exploiter pleinement le potentiel de vos op\u00e9rations logistiques.<\/p>\t\t\t\t\t\t\t\t<\/div>\n\t\t\t\t<\/div>\n\t\t\t\t\t<\/div>\n\t\t<\/div>\n\t\t\t\t<div class=\"elementor-column elementor-col-50 elementor-top-column elementor-element elementor-element-1b8a89a4\" data-id=\"1b8a89a4\" data-element_type=\"column\" data-settings=\"{&quot;background_background&quot;:&quot;classic&quot;}\">\n\t\t\t<div class=\"elementor-widget-wrap elementor-element-populated\">\n\t\t\t\t\t\t<div class=\"elementor-element elementor-element-6e68679c elementor-widget elementor-widget-image\" data-id=\"6e68679c\" data-element_type=\"widget\" data-widget_type=\"image.default\">\n\t\t\t\t<div class=\"elementor-widget-container\">\n\t\t\t\t\t\t\t\t\t\t\t\t\t\t\t<img fetchpriority=\"high\" decoding=\"async\" width=\"1920\" height=\"1080\" src=\"https:\/\/www.3pl-montreal.com\/wp-content\/uploads\/2024\/10\/services-img-1920x1080-1.jpg\" class=\"attachment-full size-full wp-image-138\" alt=\"3PL-Montreal warehouse staff collaborating during daily operations\" srcset=\"https:\/\/www.3pl-montreal.com\/wp-content\/uploads\/2024\/10\/services-img-1920x1080-1.jpg 1920w, https:\/\/www.3pl-montreal.com\/wp-content\/uploads\/2024\/10\/services-img-1920x1080-1-300x169.jpg 300w, https:\/\/www.3pl-montreal.com\/wp-content\/uploads\/2024\/10\/services-img-1920x1080-1-1024x576.jpg 1024w, https:\/\/www.3pl-montreal.com\/wp-content\/uploads\/2024\/10\/services-img-1920x1080-1-768x432.jpg 768w, https:\/\/www.3pl-montreal.com\/wp-content\/uploads\/2024\/10\/services-img-1920x1080-1-1536x864.jpg 1536w\" sizes=\"(max-width: 1920px) 100vw, 1920px\" title=\"Teamwork in Action at 3PL-Montreal Warehousing | 3PL Montreal\" \/>\t\t\t\t\t\t\t\t\t\t\t\t\t\t\t<\/div>\n\t\t\t\t<\/div>\n\t\t\t\t\t<\/div>\n\t\t<\/div>\n\t\t\t\t\t<\/div>\n\t\t<\/section>\n\t\t\t\t<section class=\"wd-negative-gap elementor-section elementor-top-section elementor-element elementor-element-55632fbc wd-section-stretch elementor-section-boxed elementor-section-height-default elementor-section-height-default\" data-id=\"55632fbc\" data-element_type=\"section\" data-settings=\"{&quot;background_background&quot;:&quot;classic&quot;}\">\n\t\t\t\t\t\t\t<div class=\"elementor-background-overlay\"><\/div>\n\t\t\t\t\t\t\t<div class=\"elementor-container elementor-column-gap-default\">\n\t\t\t\t\t<div class=\"elementor-column elementor-col-100 elementor-top-column elementor-element elementor-element-37ce12e0\" data-id=\"37ce12e0\" data-element_type=\"column\">\n\t\t\t<div class=\"elementor-widget-wrap elementor-element-populated\">\n\t\t\t\t\t\t<section class=\"elementor-section elementor-inner-section elementor-element elementor-element-7e54b841 wd-section-stretch-content elementor-section-boxed elementor-section-height-default elementor-section-height-default\" data-id=\"7e54b841\" data-element_type=\"section\">\n\t\t\t\t\t\t<div class=\"elementor-container elementor-column-gap-default\">\n\t\t\t\t\t<div class=\"elementor-column elementor-col-50 elementor-inner-column elementor-element elementor-element-225cbc49\" data-id=\"225cbc49\" data-element_type=\"column\">\n\t\t\t<div class=\"elementor-widget-wrap elementor-element-populated\">\n\t\t\t\t\t\t<div class=\"elementor-element elementor-element-45a32d94 elementor-widget elementor-widget-image\" data-id=\"45a32d94\" data-element_type=\"widget\" data-widget_type=\"image.default\">\n\t\t\t\t<div class=\"elementor-widget-container\">\n\t\t\t\t\t\t\t\t\t\t\t\t\t\t\t<img decoding=\"async\" width=\"1024\" height=\"576\" src=\"https:\/\/www.3pl-montreal.com\/wp-content\/uploads\/2024\/10\/Other-Warehouse-1024x576.jpg\" class=\"attachment-large size-large wp-image-140\" alt=\"3PL-Montreal warehouse aisle with forklift and organized pallet inventory\" srcset=\"https:\/\/www.3pl-montreal.com\/wp-content\/uploads\/2024\/10\/Other-Warehouse-1024x576.jpg 1024w, https:\/\/www.3pl-montreal.com\/wp-content\/uploads\/2024\/10\/Other-Warehouse-300x169.jpg 300w, https:\/\/www.3pl-montreal.com\/wp-content\/uploads\/2024\/10\/Other-Warehouse-768x432.jpg 768w, https:\/\/www.3pl-montreal.com\/wp-content\/uploads\/2024\/10\/Other-Warehouse-1536x864.jpg 1536w, https:\/\/www.3pl-montreal.com\/wp-content\/uploads\/2024\/10\/Other-Warehouse.jpg 1920w\" sizes=\"(max-width: 1024px) 100vw, 1024px\" title=\"High-Capacity 3PL-Montreal Storage and Fulfillment Center | 3PL Montreal\" \/>\t\t\t\t\t\t\t\t\t\t\t\t\t\t\t<\/div>\n\t\t\t\t<\/div>\n\t\t\t\t\t<\/div>\n\t\t<\/div>\n\t\t\t\t<div class=\"elementor-column elementor-col-50 elementor-inner-column elementor-element elementor-element-3ada31b5\" data-id=\"3ada31b5\" data-element_type=\"column\">\n\t\t\t<div class=\"elementor-widget-wrap elementor-element-populated\">\n\t\t\t\t\t\t<div class=\"elementor-element elementor-element-5b937add elementor-widget elementor-widget-heading\" data-id=\"5b937add\" data-element_type=\"widget\" data-widget_type=\"heading.default\">\n\t\t\t\t<div class=\"elementor-widget-container\">\n\t\t\t\t\t<h2 class=\"elementor-heading-title elementor-size-default\">Industries<\/h2>\t\t\t\t<\/div>\n\t\t\t\t<\/div>\n\t\t\t\t<div class=\"elementor-element elementor-element-2b767633 color-scheme-inherit text-left elementor-widget elementor-widget-text-editor\" data-id=\"2b767633\" data-element_type=\"widget\" data-widget_type=\"text-editor.default\">\n\t\t\t\t<div class=\"elementor-widget-container\">\n\t\t\t\t\t\t\t\t\t<p>Chez A1-3PL, nous sommes fiers de proposer des solutions logistiques haut de gamme, con\u00e7ues pour r\u00e9pondre aux besoins uniques de chaque industrie. Gr\u00e2ce \u00e0 notre expertise vari\u00e9e, nous desservons un large \u00e9ventail de secteurs, assurant des op\u00e9rations logistiques efficaces et une gestion transparente de la cha\u00eene d&rsquo;approvisionnement.<\/p>\t\t\t\t\t\t\t\t<\/div>\n\t\t\t\t<\/div>\n\t\t\t\t\t<\/div>\n\t\t<\/div>\n\t\t\t\t\t<\/div>\n\t\t<\/section>\n\t\t\t\t\t<\/div>\n\t\t<\/div>\n\t\t\t\t\t<\/div>\n\t\t<\/section>\n\t\t\t\t<section class=\"wd-negative-gap elementor-section elementor-top-section elementor-element elementor-element-4437015f elementor-section-boxed elementor-section-height-default elementor-section-height-default\" data-id=\"4437015f\" data-element_type=\"section\">\n\t\t\t\t\t\t<div class=\"elementor-container elementor-column-gap-default\">\n\t\t\t\t\t<div class=\"elementor-column elementor-col-100 elementor-top-column elementor-element elementor-element-a04afb\" data-id=\"a04afb\" data-element_type=\"column\">\n\t\t\t<div class=\"elementor-widget-wrap elementor-element-populated\">\n\t\t\t\t\t\t<div class=\"elementor-element elementor-element-10c6acb4 elementor-widget elementor-widget-spacer\" data-id=\"10c6acb4\" data-element_type=\"widget\" data-widget_type=\"spacer.default\">\n\t\t\t\t<div class=\"elementor-widget-container\">\n\t\t\t\t\t\t\t<div class=\"elementor-spacer\">\n\t\t\t<div class=\"elementor-spacer-inner\"><\/div>\n\t\t<\/div>\n\t\t\t\t\t\t<\/div>\n\t\t\t\t<\/div>\n\t\t\t\t\t<\/div>\n\t\t<\/div>\n\t\t\t\t\t<\/div>\n\t\t<\/section>\n\t\t\t\t<section class=\"elementor-section elementor-top-section elementor-element elementor-element-25c3d1 wd-section-stretch elementor-section-boxed elementor-section-height-default elementor-section-height-default\" data-id=\"25c3d1\" data-element_type=\"section\">\n\t\t\t\t\t\t<div class=\"elementor-container elementor-column-gap-default\">\n\t\t\t\t\t<div class=\"elementor-column elementor-col-100 elementor-top-column elementor-element elementor-element-12eafec9\" data-id=\"12eafec9\" data-element_type=\"column\">\n\t\t\t<div class=\"elementor-widget-wrap elementor-element-populated\">\n\t\t\t\t\t\t<div class=\"elementor-element elementor-element-6d03613b elementor-widget elementor-widget-heading\" data-id=\"6d03613b\" data-element_type=\"widget\" data-widget_type=\"heading.default\">\n\t\t\t\t<div class=\"elementor-widget-container\">\n\t\t\t\t\t<h2 class=\"elementor-heading-title elementor-size-default\">Nos services de 3PL<\/h2>\t\t\t\t<\/div>\n\t\t\t\t<\/div>\n\t\t\t\t<section class=\"wd-negative-gap elementor-section elementor-inner-section elementor-element elementor-element-3deb5eab elementor-section-boxed elementor-section-height-default elementor-section-height-default\" data-id=\"3deb5eab\" data-element_type=\"section\">\n\t\t\t\t\t\t<div class=\"elementor-container elementor-column-gap-default\">\n\t\t\t\t\t<div class=\"elementor-column elementor-col-50 elementor-inner-column elementor-element elementor-element-7d2b1eae\" data-id=\"7d2b1eae\" data-element_type=\"column\">\n\t\t\t<div class=\"elementor-widget-wrap elementor-element-populated\">\n\t\t\t\t\t\t<div class=\"elementor-element elementor-element-1ef17431 elementor-widget elementor-widget-heading\" data-id=\"1ef17431\" data-element_type=\"widget\" data-widget_type=\"heading.default\">\n\t\t\t\t<div class=\"elementor-widget-container\">\n\t\t\t\t\t<h4 class=\"elementor-heading-title elementor-size-default\">Solutions de stockage<\/h4>\t\t\t\t<\/div>\n\t\t\t\t<\/div>\n\t\t\t\t<div class=\"elementor-element elementor-element-71bd5fe9 color-scheme-inherit text-left elementor-widget elementor-widget-text-editor\" data-id=\"71bd5fe9\" data-element_type=\"widget\" data-widget_type=\"text-editor.default\">\n\t\t\t\t<div class=\"elementor-widget-container\">\n\t\t\t\t\t\t\t\t\t<p>D\u00e9posez vos marchandises dans nos entrep\u00f4ts modernes et s\u00e9curis\u00e9s. Nos syst\u00e8mes avanc\u00e9s de gestion des inventaires assurent un stockage structur\u00e9 et facilement accessible, parfaitement ajust\u00e9 \u00e0 vos besoins \u00e0 court ou long terme.<\/p>\t\t\t\t\t\t\t\t<\/div>\n\t\t\t\t<\/div>\n\t\t\t\t\t<\/div>\n\t\t<\/div>\n\t\t\t\t<div class=\"elementor-column elementor-col-50 elementor-inner-column elementor-element elementor-element-5ff35293\" data-id=\"5ff35293\" data-element_type=\"column\">\n\t\t\t<div class=\"elementor-widget-wrap elementor-element-populated\">\n\t\t\t\t\t\t<div class=\"elementor-element elementor-element-47ecaedf elementor-widget elementor-widget-heading\" data-id=\"47ecaedf\" data-element_type=\"widget\" data-widget_type=\"heading.default\">\n\t\t\t\t<div class=\"elementor-widget-container\">\n\t\t\t\t\t<h4 class=\"elementor-heading-title elementor-size-default\">Gestion strat\u00e9gique de la distribution<\/h4>\t\t\t\t<\/div>\n\t\t\t\t<\/div>\n\t\t\t\t<div class=\"elementor-element elementor-element-7e919e8 color-scheme-inherit text-left elementor-widget elementor-widget-text-editor\" data-id=\"7e919e8\" data-element_type=\"widget\" data-widget_type=\"text-editor.default\">\n\t\t\t\t<div class=\"elementor-widget-container\">\n\t\t\t\t\t\t\t\t\t<p>Optimisez l&rsquo;efficacit\u00e9 de votre cha\u00eene d&rsquo;approvisionnement gr\u00e2ce \u00e0 nos centres id\u00e9alement situ\u00e9s. Diminuez les d\u00e9lais et les co\u00fbts de transport tout en renfor\u00e7ant la performance globale. Nos services personnalis\u00e9s facilitent l&rsquo;acc\u00e8s \u00e0 de nouveaux march\u00e9s et l&rsquo;am\u00e9lioration des r\u00e9seaux existants.<\/p>\t\t\t\t\t\t\t\t<\/div>\n\t\t\t\t<\/div>\n\t\t\t\t\t<\/div>\n\t\t<\/div>\n\t\t\t\t\t<\/div>\n\t\t<\/section>\n\t\t\t\t<section class=\"wd-negative-gap elementor-section elementor-inner-section elementor-element elementor-element-3a820e9a elementor-section-boxed elementor-section-height-default elementor-section-height-default\" data-id=\"3a820e9a\" data-element_type=\"section\">\n\t\t\t\t\t\t<div class=\"elementor-container elementor-column-gap-default\">\n\t\t\t\t\t<div class=\"elementor-column elementor-col-50 elementor-inner-column elementor-element elementor-element-11995b0c\" data-id=\"11995b0c\" data-element_type=\"column\">\n\t\t\t<div class=\"elementor-widget-wrap elementor-element-populated\">\n\t\t\t\t\t\t<div class=\"elementor-element elementor-element-49583ec8 elementor-widget elementor-widget-heading\" data-id=\"49583ec8\" data-element_type=\"widget\" data-widget_type=\"heading.default\">\n\t\t\t\t<div class=\"elementor-widget-container\">\n\t\t\t\t\t<h4 class=\"elementor-heading-title elementor-size-default\">Gestion avanc\u00e9e des inventaires<\/h4>\t\t\t\t<\/div>\n\t\t\t\t<\/div>\n\t\t\t\t<div class=\"elementor-element elementor-element-457746ff color-scheme-inherit text-left elementor-widget elementor-widget-text-editor\" data-id=\"457746ff\" data-element_type=\"widget\" data-widget_type=\"text-editor.default\">\n\t\t\t\t<div class=\"elementor-widget-container\">\n\t\t\t\t\t\t\t\t\t<p>Am\u00e9liorez la gestion de vos inventaires avec nos solutions d&rsquo;entreposage de pointe. Profitez d&rsquo;un suivi en temps r\u00e9el pour une transparence totale, d&rsquo;un stockage bien organis\u00e9 pour un acc\u00e8s optimal, et d&rsquo;une s\u00e9curit\u00e9 renforc\u00e9e pour prot\u00e9ger vos marchandises \u00e0 tout moment.<\/p>\t\t\t\t\t\t\t\t<\/div>\n\t\t\t\t<\/div>\n\t\t\t\t\t<\/div>\n\t\t<\/div>\n\t\t\t\t<div class=\"elementor-column elementor-col-50 elementor-inner-column elementor-element elementor-element-e073a40\" data-id=\"e073a40\" data-element_type=\"column\">\n\t\t\t<div class=\"elementor-widget-wrap elementor-element-populated\">\n\t\t\t\t\t\t<div class=\"elementor-element elementor-element-17f73c7c elementor-widget elementor-widget-heading\" data-id=\"17f73c7c\" data-element_type=\"widget\" data-widget_type=\"heading.default\">\n\t\t\t\t<div class=\"elementor-widget-container\">\n\t\t\t\t\t<h4 class=\"elementor-heading-title elementor-size-default\">Gestion compl\u00e8te des commandes et des livraisons<\/h4>\t\t\t\t<\/div>\n\t\t\t\t<\/div>\n\t\t\t\t<div class=\"elementor-element elementor-element-2f110a1 color-scheme-inherit text-left elementor-widget elementor-widget-text-editor\" data-id=\"2f110a1\" data-element_type=\"widget\" data-widget_type=\"text-editor.default\">\n\t\t\t\t<div class=\"elementor-widget-container\">\n\t\t\t\t\t\t\t\t\t<p>Garantissez la satisfaction totale de vos clients avec une gestion pr\u00e9cise, rapide et fiable des commandes, depuis la r\u00e9ception jusqu&rsquo;\u00e0 la livraison. Notre approche int\u00e9gr\u00e9e renforce durablement la fid\u00e9lit\u00e9 et favorise les achats r\u00e9currents.<\/p>\t\t\t\t\t\t\t\t<\/div>\n\t\t\t\t<\/div>\n\t\t\t\t\t<\/div>\n\t\t<\/div>\n\t\t\t\t\t<\/div>\n\t\t<\/section>\n\t\t\t\t<section class=\"wd-negative-gap elementor-section elementor-inner-section elementor-element elementor-element-33ecbcb3 elementor-section-boxed elementor-section-height-default elementor-section-height-default\" data-id=\"33ecbcb3\" data-element_type=\"section\">\n\t\t\t\t\t\t<div class=\"elementor-container elementor-column-gap-default\">\n\t\t\t\t\t<div class=\"elementor-column elementor-col-50 elementor-inner-column elementor-element elementor-element-5200933\" data-id=\"5200933\" data-element_type=\"column\">\n\t\t\t<div class=\"elementor-widget-wrap elementor-element-populated\">\n\t\t\t\t\t\t<div class=\"elementor-element elementor-element-35b11656 elementor-widget elementor-widget-heading\" data-id=\"35b11656\" data-element_type=\"widget\" data-widget_type=\"heading.default\">\n\t\t\t\t<div class=\"elementor-widget-container\">\n\t\t\t\t\t<h4 class=\"elementor-heading-title elementor-size-default\">Technologie avanc\u00e9e et distribution personnalis\u00e9e<\/h4>\t\t\t\t<\/div>\n\t\t\t\t<\/div>\n\t\t\t\t<div class=\"elementor-element elementor-element-392ca4ff color-scheme-inherit text-left elementor-widget elementor-widget-text-editor\" data-id=\"392ca4ff\" data-element_type=\"widget\" data-widget_type=\"text-editor.default\">\n\t\t\t\t<div class=\"elementor-widget-container\">\n\t\t\t\t\t\t\t\t\t<p>Nos syst\u00e8mes WMS et TMS proposent un suivi en temps r\u00e9el \u00e0 travers un portail web facile \u00e0 utiliser. Avec une \u00e9quipe d\u00e9di\u00e9e, un support r\u00e9actif et des solutions flexibles, nous assurons une gestion fluide et personnalis\u00e9e de vos besoins en inventaire.<\/p>\t\t\t\t\t\t\t\t<\/div>\n\t\t\t\t<\/div>\n\t\t\t\t\t<\/div>\n\t\t<\/div>\n\t\t\t\t<div class=\"elementor-column elementor-col-50 elementor-inner-column elementor-element elementor-element-673213ff\" data-id=\"673213ff\" data-element_type=\"column\">\n\t\t\t<div class=\"elementor-widget-wrap elementor-element-populated\">\n\t\t\t\t\t\t<div class=\"elementor-element elementor-element-163faae1 elementor-widget elementor-widget-heading\" data-id=\"163faae1\" data-element_type=\"widget\" data-widget_type=\"heading.default\">\n\t\t\t\t<div class=\"elementor-widget-container\">\n\t\t\t\t\t<h4 class=\"elementor-heading-title elementor-size-default\">Solutions logistiques et de distribution int\u00e9gr\u00e9es<\/h4>\t\t\t\t<\/div>\n\t\t\t\t<\/div>\n\t\t\t\t<div class=\"elementor-element elementor-element-1341437d color-scheme-inherit text-left elementor-widget elementor-widget-text-editor\" data-id=\"1341437d\" data-element_type=\"widget\" data-widget_type=\"text-editor.default\">\n\t\t\t\t<div class=\"elementor-widget-container\">\n\t\t\t\t\t\t\t\t\t<p>Nous proposons des services de cross-docking pour optimiser les co\u00fbts, garantir une pr\u00e9paration des commandes sans erreur, un tri efficace et une livraison fiable du dernier kilom\u00e8tre. Gr\u00e2ce \u00e0 un stockage s\u00e9curis\u00e9, une gestion des inventaires en temps r\u00e9el et des options de transport vari\u00e9es, nous assurons une logistique mondiale fluide et sans faille.<\/p>\t\t\t\t\t\t\t\t<\/div>\n\t\t\t\t<\/div>\n\t\t\t\t\t<\/div>\n\t\t<\/div>\n\t\t\t\t\t<\/div>\n\t\t<\/section>\n\t\t\t\t\t<\/div>\n\t\t<\/div>\n\t\t\t\t\t<\/div>\n\t\t<\/section>\n\t\t\t\t<\/div>\n\t\t","protected":false},"excerpt":{"rendered":"<p>NOS SERVICES Associez-vous \u00e0 A1-3PL pour la Croissance et le Succ\u00e8s de votre entreprise Chez A1-3PL, nous nous engageons \u00e0<\/p>\n","protected":false},"author":1,"featured_media":0,"parent":0,"menu_order":0,"comment_status":"closed","ping_status":"closed","template":"","meta":{"footnotes":""},"class_list":["post-173","page","type-page","status-publish","hentry"],"aioseo_notices":[],"_links":{"self":[{"href":"https:\/\/www.3pl-montreal.com\/fr\/wp-json\/wp\/v2\/pages\/173","targetHints":{"allow":["GET"]}}],"collection":[{"href":"https:\/\/www.3pl-montreal.com\/fr\/wp-json\/wp\/v2\/pages"}],"about":[{"href":"https:\/\/www.3pl-montreal.com\/fr\/wp-json\/wp\/v2\/types\/page"}],"author":[{"embeddable":true,"href":"https:\/\/www.3pl-montreal.com\/fr\/wp-json\/wp\/v2\/users\/1"}],"replies":[{"embeddable":true,"href":"https:\/\/www.3pl-montreal.com\/fr\/wp-json\/wp\/v2\/comments?post=173"}],"version-history":[{"count":16,"href":"https:\/\/www.3pl-montreal.com\/fr\/wp-json\/wp\/v2\/pages\/173\/revisions"}],"predecessor-version":[{"id":348,"href":"https:\/\/www.3pl-montreal.com\/fr\/wp-json\/wp\/v2\/pages\/173\/revisions\/348"}],"wp:attachment":[{"href":"https:\/\/www.3pl-montreal.com\/fr\/wp-json\/wp\/v2\/media?parent=173"}],"curies":[{"name":"wp","href":"https:\/\/api.w.org\/{rel}","templated":true}]}}